{"id":3000,"date":"2024-07-13T03:55:55","date_gmt":"2024-07-13T10:55:55","guid":{"rendered":"https:\/\/www.cici-collection.com\/?post_type=product&#038;p=3000"},"modified":"2024-07-13T03:55:55","modified_gmt":"2024-07-13T10:55:55","slug":"mini-kelly-bag","status":"publish","type":"product","link":"https:\/\/www.cici-collection.com\/index.php\/product\/mini-kelly-bag\/","title":{"rendered":"Mini kelly bag"},"content":{"rendered":"<p>When Robert Dumas, son-in-law of \u00c9mile Herm\u00e8s, creates the ladies&#8217; bag with straps in the 1930s, Herm\u00e8s enters the era of boldness and modernism. Yet, its destiny does not end there. To make it a legend, a photograph is all it takes \u2013 one of Grace Kelly holding the bag over her stomach to conceal the signs of her pregnancy. The Kelly is born.<\/p>\n<p>Size\uff1a21.5cm X 12cm X 6cm<\/p>\n<p><img fetchpriority=\"high\" decoding=\"async\" class=\"alignnone size-full wp-image-3006 aligncenter\" src=\"http:\/\/www.cici-collection.com\/wp-content\/uploads\/2024\/07\/Mini-kelly-bag_6.jpg\" alt=\"\" width=\"1000\" height=\"1000\" srcset=\"https:\/\/www.cici-collection.com\/wp-content\/uploads\/2024\/07\/Mini-kelly-bag_6.jpg 1000w, https:\/\/www.cici-collection.com\/wp-content\/uploads\/2024\/07\/Mini-kelly-bag_6-300x300.jpg 300w, https:\/\/www.cici-collection.com\/wp-content\/uploads\/2024\/07\/Mini-kelly-bag_6-150x150.jpg 150w, https:\/\/www.cici-collection.com\/wp-content\/uploads\/2024\/07\/Mini-kelly-bag_6-768x768.jpg 768w, https:\/\/www.cici-collection.com\/wp-content\/uploads\/2024\/07\/Mini-kelly-bag_6-600x600.jpg 600w\" sizes=\"(max-width: 1000px) 100vw, 1000px\" \/><\/p>\n<p><img decoding=\"async\" class=\"alignnone size-full wp-image-3007 aligncenter\" src=\"http:\/\/www.cici-collection.com\/wp-content\/uploads\/2024\/07\/Mini-kelly-bag_7.jpg\" alt=\"\" width=\"1000\" height=\"1000\" srcset=\"https:\/\/www.cici-collection.com\/wp-content\/uploads\/2024\/07\/Mini-kelly-bag_7.jpg 1000w, https:\/\/www.cici-collection.com\/wp-content\/uploads\/2024\/07\/Mini-kelly-bag_7-300x300.jpg 300w, https:\/\/www.cici-collection.com\/wp-content\/uploads\/2024\/07\/Mini-kelly-bag_7-150x150.jpg 150w, https:\/\/www.cici-collection.com\/wp-content\/uploads\/2024\/07\/Mini-kelly-bag_7-768x768.jpg 768w, https:\/\/www.cici-collection.com\/wp-content\/uploads\/2024\/07\/Mini-kelly-bag_7-600x600.jpg 600w\" sizes=\"(max-width: 1000px) 100vw, 1000px\" \/><\/p>\n<p><img decoding=\"async\" class=\"alignnone size-full wp-image-3008 aligncenter\" src=\"http:\/\/www.cici-collection.com\/wp-content\/uploads\/2024\/07\/Mini-kelly-bag_8.jpg\" alt=\"\" width=\"1000\" height=\"1000\" srcset=\"https:\/\/www.cici-collection.com\/wp-content\/uploads\/2024\/07\/Mini-kelly-bag_8.jpg 1000w, https:\/\/www.cici-collection.com\/wp-content\/uploads\/2024\/07\/Mini-kelly-bag_8-300x300.jpg 300w, https:\/\/www.cici-collection.com\/wp-content\/uploads\/2024\/07\/Mini-kelly-bag_8-150x150.jpg 150w, https:\/\/www.cici-collection.com\/wp-content\/uploads\/2024\/07\/Mini-kelly-bag_8-768x768.jpg 768w, https:\/\/www.cici-collection.com\/wp-content\/uploads\/2024\/07\/Mini-kelly-bag_8-600x600.jpg 600w\" sizes=\"(max-width: 1000px) 100vw, 1000px\" \/><\/p>\n<p><img loading=\"lazy\" decoding=\"async\" class=\"alignnone size-full wp-image-3009 aligncenter\" src=\"http:\/\/www.cici-collection.com\/wp-content\/uploads\/2024\/07\/Mini-kelly-bag_9.jpg\" alt=\"\" width=\"1000\" height=\"1000\" srcset=\"https:\/\/www.cici-collection.com\/wp-content\/uploads\/2024\/07\/Mini-kelly-bag_9.jpg 1000w, https:\/\/www.cici-collection.com\/wp-content\/uploads\/2024\/07\/Mini-kelly-bag_9-300x300.jpg 300w, https:\/\/www.cici-collection.com\/wp-content\/uploads\/2024\/07\/Mini-kelly-bag_9-150x150.jpg 150w, https:\/\/www.cici-collection.com\/wp-content\/uploads\/2024\/07\/Mini-kelly-bag_9-768x768.jpg 768w, https:\/\/www.cici-collection.com\/wp-content\/uploads\/2024\/07\/Mini-kelly-bag_9-600x600.jpg 600w\" sizes=\"(max-width: 1000px) 100vw, 1000px\" \/><\/p>\n<p><img loading=\"lazy\" decoding=\"async\" class=\"alignnone size-full wp-image-3010 aligncenter\" src=\"http:\/\/www.cici-collection.com\/wp-content\/uploads\/2024\/07\/Mini-kelly-bag_10.jpg\" alt=\"\" width=\"1000\" height=\"1000\" srcset=\"https:\/\/www.cici-collection.com\/wp-content\/uploads\/2024\/07\/Mini-kelly-bag_10.jpg 1000w, https:\/\/www.cici-collection.com\/wp-content\/uploads\/2024\/07\/Mini-kelly-bag_10-300x300.jpg 300w, https:\/\/www.cici-collection.com\/wp-content\/uploads\/2024\/07\/Mini-kelly-bag_10-150x150.jpg 150w, https:\/\/www.cici-collection.com\/wp-content\/uploads\/2024\/07\/Mini-kelly-bag_10-768x768.jpg 768w, https:\/\/www.cici-collection.com\/wp-content\/uploads\/2024\/07\/Mini-kelly-bag_10-600x600.jpg 600w\" sizes=\"(max-width: 1000px) 100vw, 1000px\" \/><\/p>\n<p><img loading=\"lazy\" decoding=\"async\" class=\"alignnone size-full wp-image-3011 aligncenter\" src=\"http:\/\/www.cici-collection.com\/wp-content\/uploads\/2024\/07\/Mini-kelly-bag_11.jpg\" alt=\"\" width=\"1000\" height=\"1000\" srcset=\"https:\/\/www.cici-collection.com\/wp-content\/uploads\/2024\/07\/Mini-kelly-bag_11.jpg 1000w, https:\/\/www.cici-collection.com\/wp-content\/uploads\/2024\/07\/Mini-kelly-bag_11-300x300.jpg 300w, https:\/\/www.cici-collection.com\/wp-content\/uploads\/2024\/07\/Mini-kelly-bag_11-150x150.jpg 150w, https:\/\/www.cici-collection.com\/wp-content\/uploads\/2024\/07\/Mini-kelly-bag_11-768x768.jpg 768w, https:\/\/www.cici-collection.com\/wp-content\/uploads\/2024\/07\/Mini-kelly-bag_11-600x600.jpg 600w\" sizes=\"(max-width: 1000px) 100vw, 1000px\" \/><\/p>\n<p><img loading=\"lazy\" decoding=\"async\" class=\"alignnone size-full wp-image-3012 aligncenter\" src=\"http:\/\/www.cici-collection.com\/wp-content\/uploads\/2024\/07\/Mini-kelly-bag_12.jpg\" alt=\"\" width=\"1000\" height=\"1000\" srcset=\"https:\/\/www.cici-collection.com\/wp-content\/uploads\/2024\/07\/Mini-kelly-bag_12.jpg 1000w, https:\/\/www.cici-collection.com\/wp-content\/uploads\/2024\/07\/Mini-kelly-bag_12-300x300.jpg 300w, https:\/\/www.cici-collection.com\/wp-content\/uploads\/2024\/07\/Mini-kelly-bag_12-150x150.jpg 150w, https:\/\/www.cici-collection.com\/wp-content\/uploads\/2024\/07\/Mini-kelly-bag_12-768x768.jpg 768w, https:\/\/www.cici-collection.com\/wp-content\/uploads\/2024\/07\/Mini-kelly-bag_12-600x600.jpg 600w\" sizes=\"(max-width: 1000px) 100vw, 1000px\" \/><\/p>\n<p><img loading=\"lazy\" decoding=\"async\" class=\"alignnone size-full wp-image-3013 aligncenter\" src=\"http:\/\/www.cici-collection.com\/wp-content\/uploads\/2024\/07\/Mini-kelly-bag_13.jpg\" alt=\"\" width=\"1000\" height=\"1000\" srcset=\"https:\/\/www.cici-collection.com\/wp-content\/uploads\/2024\/07\/Mini-kelly-bag_13.jpg 1000w, https:\/\/www.cici-collection.com\/wp-content\/uploads\/2024\/07\/Mini-kelly-bag_13-300x300.jpg 300w, https:\/\/www.cici-collection.com\/wp-content\/uploads\/2024\/07\/Mini-kelly-bag_13-150x150.jpg 150w, https:\/\/www.cici-collection.com\/wp-content\/uploads\/2024\/07\/Mini-kelly-bag_13-768x768.jpg 768w, https:\/\/www.cici-collection.com\/wp-content\/uploads\/2024\/07\/Mini-kelly-bag_13-600x600.jpg 600w\" sizes=\"(max-width: 1000px) 100vw, 1000px\" \/><\/p>\n<p><img loading=\"lazy\" decoding=\"async\" class=\"alignnone size-full wp-image-3014 aligncenter\" src=\"http:\/\/www.cici-collection.com\/wp-content\/uploads\/2024\/07\/Mini-kelly-bag_14.jpg\" alt=\"\" width=\"1000\" height=\"1000\" srcset=\"https:\/\/www.cici-collection.com\/wp-content\/uploads\/2024\/07\/Mini-kelly-bag_14.jpg 1000w, https:\/\/www.cici-collection.com\/wp-content\/uploads\/2024\/07\/Mini-kelly-bag_14-300x300.jpg 300w, https:\/\/www.cici-collection.com\/wp-content\/uploads\/2024\/07\/Mini-kelly-bag_14-150x150.jpg 150w, https:\/\/www.cici-collection.com\/wp-content\/uploads\/2024\/07\/Mini-kelly-bag_14-768x768.jpg 768w, https:\/\/www.cici-collection.com\/wp-content\/uploads\/2024\/07\/Mini-kelly-bag_14-600x600.jpg 600w\" sizes=\"(max-width: 1000px) 100vw, 1000px\" \/><\/p>\n<p><img loading=\"lazy\" decoding=\"async\" class=\"alignnone size-full wp-image-3015 aligncenter\" src=\"http:\/\/www.cici-collection.com\/wp-content\/uploads\/2024\/07\/Mini-kelly-bag_15.jpg\" alt=\"\" width=\"1000\" height=\"1000\" srcset=\"https:\/\/www.cici-collection.com\/wp-content\/uploads\/2024\/07\/Mini-kelly-bag_15.jpg 1000w, https:\/\/www.cici-collection.com\/wp-content\/uploads\/2024\/07\/Mini-kelly-bag_15-300x300.jpg 300w, https:\/\/www.cici-collection.com\/wp-content\/uploads\/2024\/07\/Mini-kelly-bag_15-150x150.jpg 150w, https:\/\/www.cici-collection.com\/wp-content\/uploads\/2024\/07\/Mini-kelly-bag_15-768x768.jpg 768w, https:\/\/www.cici-collection.com\/wp-content\/uploads\/2024\/07\/Mini-kelly-bag_15-600x600.jpg 600w\" sizes=\"(max-width: 1000px) 100vw, 1000px\" \/><\/p>\n<p><img loading=\"lazy\" decoding=\"async\" class=\"alignnone size-full wp-image-3016 aligncenter\" src=\"http:\/\/www.cici-collection.com\/wp-content\/uploads\/2024\/07\/Mini-kelly-bag_16.jpg\" alt=\"\" width=\"1000\" height=\"1000\" srcset=\"https:\/\/www.cici-collection.com\/wp-content\/uploads\/2024\/07\/Mini-kelly-bag_16.jpg 1000w, https:\/\/www.cici-collection.com\/wp-content\/uploads\/2024\/07\/Mini-kelly-bag_16-300x300.jpg 300w, https:\/\/www.cici-collection.com\/wp-content\/uploads\/2024\/07\/Mini-kelly-bag_16-150x150.jpg 150w, https:\/\/www.cici-collection.com\/wp-content\/uploads\/2024\/07\/Mini-kelly-bag_16-768x768.jpg 768w, https:\/\/www.cici-collection.com\/wp-content\/uploads\/2024\/07\/Mini-kelly-bag_16-600x600.jpg 600w\" sizes=\"(max-width: 1000px) 100vw, 1000px\" \/><\/p>\n<p><img loading=\"lazy\" decoding=\"async\" class=\"alignnone size-full wp-image-3017 aligncenter\" src=\"http:\/\/www.cici-collection.com\/wp-content\/uploads\/2024\/07\/Mini-kelly-bag_17.jpg\" alt=\"\" width=\"1000\" height=\"1333\" srcset=\"https:\/\/www.cici-collection.com\/wp-content\/uploads\/2024\/07\/Mini-kelly-bag_17.jpg 1000w, https:\/\/www.cici-collection.com\/wp-content\/uploads\/2024\/07\/Mini-kelly-bag_17-225x300.jpg 225w, https:\/\/www.cici-collection.com\/wp-content\/uploads\/2024\/07\/Mini-kelly-bag_17-768x1024.jpg 768w, https:\/\/www.cici-collection.com\/wp-content\/uploads\/2024\/07\/Mini-kelly-bag_17-150x200.jpg 150w\" sizes=\"(max-width: 1000px) 100vw, 1000px\" \/><\/p>\n<p>&nbsp;<\/p>\n<p><img loading=\"lazy\" decoding=\"async\" class=\"alignnone size-full wp-image-3018 aligncenter\" src=\"http:\/\/www.cici-collection.com\/wp-content\/uploads\/2024\/07\/Mini-kelly-bag_18.jpg\" alt=\"\" width=\"1000\" height=\"1333\" srcset=\"https:\/\/www.cici-collection.com\/wp-content\/uploads\/2024\/07\/Mini-kelly-bag_18.jpg 1000w, https:\/\/www.cici-collection.com\/wp-content\/uploads\/2024\/07\/Mini-kelly-bag_18-225x300.jpg 225w, https:\/\/www.cici-collection.com\/wp-content\/uploads\/2024\/07\/Mini-kelly-bag_18-768x1024.jpg 768w, https:\/\/www.cici-collection.com\/wp-content\/uploads\/2024\/07\/Mini-kelly-bag_18-150x200.jpg 150w\" sizes=\"(max-width: 1000px) 100vw, 1000px\" \/><\/p>\n<p>&nbsp;<\/p>\n","protected":false},"excerpt":{"rendered":"<p>When Robert Dumas, son-in-law of \u00c9mile Herm\u00e8s, creates the ladies&#8217; bag with straps in the 1930s, Herm\u00e8s enters the era of boldness and modernism.<\/p>\n<p>Yet, its destiny does not end there. To make it a legend, a photograph is all it takes \u2013 one of Grace Kelly holding the bag over her stomach to conceal<\/p>\n<p>the signs of her pregnancy. The Kelly is born.<\/p>\n<p>Size\uff1a21.5cm X 12cm X 6cm<\/p>\n","protected":false},"featured_media":3001,"comment_status":"open","ping_status":"closed","template":"","meta":[],"product_cat":[56],"product_tag":[],"class_list":{"0":"post-3000","1":"product","2":"type-product","3":"status-publish","4":"has-post-thumbnail","6":"product_cat-hermes","8":"first","9":"instock","10":"sale","11":"shipping-taxable","12":"purchasable","13":"product-type-simple"},"_links":{"self":[{"href":"https:\/\/www.cici-collection.com\/index.php\/wp-json\/wp\/v2\/product\/3000","targetHints":{"allow":["GET"]}}],"collection":[{"href":"https:\/\/www.cici-collection.com\/index.php\/wp-json\/wp\/v2\/product"}],"about":[{"href":"https:\/\/www.cici-collection.com\/index.php\/wp-json\/wp\/v2\/types\/product"}],"replies":[{"embeddable":true,"href":"https:\/\/www.cici-collection.com\/index.php\/wp-json\/wp\/v2\/comments?post=3000"}],"version-history":[{"count":1,"href":"https:\/\/www.cici-collection.com\/index.php\/wp-json\/wp\/v2\/product\/3000\/revisions"}],"predecessor-version":[{"id":3019,"href":"https:\/\/www.cici-collection.com\/index.php\/wp-json\/wp\/v2\/product\/3000\/revisions\/3019"}],"wp:featuredmedia":[{"embeddable":true,"href":"https:\/\/www.cici-collection.com\/index.php\/wp-json\/wp\/v2\/media\/3001"}],"wp:attachment":[{"href":"https:\/\/www.cici-collection.com\/index.php\/wp-json\/wp\/v2\/media?parent=3000"}],"wp:term":[{"taxonomy":"product_cat","embeddable":true,"href":"https:\/\/www.cici-collection.com\/index.php\/wp-json\/wp\/v2\/product_cat?post=3000"},{"taxonomy":"product_tag","embeddable":true,"href":"https:\/\/www.cici-collection.com\/index.php\/wp-json\/wp\/v2\/product_tag?post=3000"}],"curies":[{"name":"wp","href":"https:\/\/api.w.org\/{rel}","templated":true}]}}