{"id":2912,"date":"2024-07-13T03:36:35","date_gmt":"2024-07-13T10:36:35","guid":{"rendered":"https:\/\/www.cici-collection.com\/?post_type=product&#038;p=2912"},"modified":"2024-11-15T09:11:42","modified_gmt":"2024-11-15T16:11:42","slug":"hermes-kelly-elan-bag","status":"publish","type":"product","link":"https:\/\/www.cici-collection.com\/index.php\/product\/hermes-kelly-elan-bag\/","title":{"rendered":"Hermes kelly elan bag"},"content":{"rendered":"<p style=\"text-align: center;\">When Robert Dumas, son-in-law of \u00c9mile Herm\u00e8s, creates the ladies&#8217; bag with straps in the 1930s,<\/p>\n<p style=\"text-align: center;\">Herm\u00e8s enters the era of boldness and modernism. Yet, its destiny does not end there. To make<\/p>\n<p style=\"text-align: center;\">it a legend, a photograph is all it takes \u2013 one of Grace Kelly holding the bag over her stomach<\/p>\n<p style=\"text-align: center;\">to conceal the signs of her pregnancy. The Kelly is born.<\/p>\n<p style=\"text-align: center;\">Size\uff1a27cm X 14cm<\/p>\n<p><img fetchpriority=\"high\" decoding=\"async\" class=\"alignnone size-full wp-image-2920 aligncenter\" src=\"http:\/\/www.cici-collection.com\/wp-content\/uploads\/2024\/07\/Hermes-kelly-elan-bag_8.jpg\" alt=\"\" width=\"810\" height=\"810\" srcset=\"https:\/\/www.cici-collection.com\/wp-content\/uploads\/2024\/07\/Hermes-kelly-elan-bag_8.jpg 810w, https:\/\/www.cici-collection.com\/wp-content\/uploads\/2024\/07\/Hermes-kelly-elan-bag_8-300x300.jpg 300w, https:\/\/www.cici-collection.com\/wp-content\/uploads\/2024\/07\/Hermes-kelly-elan-bag_8-150x150.jpg 150w, https:\/\/www.cici-collection.com\/wp-content\/uploads\/2024\/07\/Hermes-kelly-elan-bag_8-768x768.jpg 768w, https:\/\/www.cici-collection.com\/wp-content\/uploads\/2024\/07\/Hermes-kelly-elan-bag_8-600x600.jpg 600w\" sizes=\"(max-width: 810px) 100vw, 810px\" \/><\/p>\n<p><img decoding=\"async\" class=\"alignnone size-full wp-image-2919 aligncenter\" src=\"http:\/\/www.cici-collection.com\/wp-content\/uploads\/2024\/07\/Hermes-kelly-elan-bag_7.jpg\" alt=\"\" width=\"810\" height=\"810\" srcset=\"https:\/\/www.cici-collection.com\/wp-content\/uploads\/2024\/07\/Hermes-kelly-elan-bag_7.jpg 810w, https:\/\/www.cici-collection.com\/wp-content\/uploads\/2024\/07\/Hermes-kelly-elan-bag_7-300x300.jpg 300w, https:\/\/www.cici-collection.com\/wp-content\/uploads\/2024\/07\/Hermes-kelly-elan-bag_7-150x150.jpg 150w, https:\/\/www.cici-collection.com\/wp-content\/uploads\/2024\/07\/Hermes-kelly-elan-bag_7-768x768.jpg 768w, https:\/\/www.cici-collection.com\/wp-content\/uploads\/2024\/07\/Hermes-kelly-elan-bag_7-600x600.jpg 600w\" sizes=\"(max-width: 810px) 100vw, 810px\" \/><\/p>\n<p><img decoding=\"async\" class=\"alignnone size-full wp-image-2918 aligncenter\" src=\"http:\/\/www.cici-collection.com\/wp-content\/uploads\/2024\/07\/Hermes-kelly-elan-bag_6.jpg\" alt=\"\" width=\"810\" height=\"810\" srcset=\"https:\/\/www.cici-collection.com\/wp-content\/uploads\/2024\/07\/Hermes-kelly-elan-bag_6.jpg 810w, https:\/\/www.cici-collection.com\/wp-content\/uploads\/2024\/07\/Hermes-kelly-elan-bag_6-300x300.jpg 300w, https:\/\/www.cici-collection.com\/wp-content\/uploads\/2024\/07\/Hermes-kelly-elan-bag_6-150x150.jpg 150w, https:\/\/www.cici-collection.com\/wp-content\/uploads\/2024\/07\/Hermes-kelly-elan-bag_6-768x768.jpg 768w, https:\/\/www.cici-collection.com\/wp-content\/uploads\/2024\/07\/Hermes-kelly-elan-bag_6-600x600.jpg 600w\" sizes=\"(max-width: 810px) 100vw, 810px\" \/><\/p>\n<p><img loading=\"lazy\" decoding=\"async\" class=\"alignnone size-full wp-image-2917 aligncenter\" src=\"http:\/\/www.cici-collection.com\/wp-content\/uploads\/2024\/07\/Hermes-kelly-elan-bag_5.jpg\" alt=\"\" width=\"810\" height=\"810\" srcset=\"https:\/\/www.cici-collection.com\/wp-content\/uploads\/2024\/07\/Hermes-kelly-elan-bag_5.jpg 810w, https:\/\/www.cici-collection.com\/wp-content\/uploads\/2024\/07\/Hermes-kelly-elan-bag_5-300x300.jpg 300w, https:\/\/www.cici-collection.com\/wp-content\/uploads\/2024\/07\/Hermes-kelly-elan-bag_5-150x150.jpg 150w, https:\/\/www.cici-collection.com\/wp-content\/uploads\/2024\/07\/Hermes-kelly-elan-bag_5-768x768.jpg 768w, https:\/\/www.cici-collection.com\/wp-content\/uploads\/2024\/07\/Hermes-kelly-elan-bag_5-600x600.jpg 600w\" sizes=\"(max-width: 810px) 100vw, 810px\" \/><\/p>\n<p><img loading=\"lazy\" decoding=\"async\" class=\"alignnone size-full wp-image-2916 aligncenter\" src=\"http:\/\/www.cici-collection.com\/wp-content\/uploads\/2024\/07\/Hermes-kelly-elan-bag_4.jpg\" alt=\"\" width=\"810\" height=\"810\" srcset=\"https:\/\/www.cici-collection.com\/wp-content\/uploads\/2024\/07\/Hermes-kelly-elan-bag_4.jpg 810w, https:\/\/www.cici-collection.com\/wp-content\/uploads\/2024\/07\/Hermes-kelly-elan-bag_4-300x300.jpg 300w, https:\/\/www.cici-collection.com\/wp-content\/uploads\/2024\/07\/Hermes-kelly-elan-bag_4-150x150.jpg 150w, https:\/\/www.cici-collection.com\/wp-content\/uploads\/2024\/07\/Hermes-kelly-elan-bag_4-768x768.jpg 768w, https:\/\/www.cici-collection.com\/wp-content\/uploads\/2024\/07\/Hermes-kelly-elan-bag_4-600x600.jpg 600w\" sizes=\"(max-width: 810px) 100vw, 810px\" \/><\/p>\n<p><img loading=\"lazy\" decoding=\"async\" class=\"alignnone size-full wp-image-2915 aligncenter\" src=\"http:\/\/www.cici-collection.com\/wp-content\/uploads\/2024\/07\/Hermes-kelly-elan-bag_3.jpg\" alt=\"\" width=\"810\" height=\"810\" srcset=\"https:\/\/www.cici-collection.com\/wp-content\/uploads\/2024\/07\/Hermes-kelly-elan-bag_3.jpg 810w, https:\/\/www.cici-collection.com\/wp-content\/uploads\/2024\/07\/Hermes-kelly-elan-bag_3-300x300.jpg 300w, https:\/\/www.cici-collection.com\/wp-content\/uploads\/2024\/07\/Hermes-kelly-elan-bag_3-150x150.jpg 150w, https:\/\/www.cici-collection.com\/wp-content\/uploads\/2024\/07\/Hermes-kelly-elan-bag_3-768x768.jpg 768w, https:\/\/www.cici-collection.com\/wp-content\/uploads\/2024\/07\/Hermes-kelly-elan-bag_3-600x600.jpg 600w\" sizes=\"(max-width: 810px) 100vw, 810px\" \/><\/p>\n<p><img loading=\"lazy\" decoding=\"async\" class=\"alignnone size-full wp-image-2914 aligncenter\" src=\"http:\/\/www.cici-collection.com\/wp-content\/uploads\/2024\/07\/Hermes-kelly-elan-bag_2.jpg\" alt=\"\" width=\"810\" height=\"810\" srcset=\"https:\/\/www.cici-collection.com\/wp-content\/uploads\/2024\/07\/Hermes-kelly-elan-bag_2.jpg 810w, https:\/\/www.cici-collection.com\/wp-content\/uploads\/2024\/07\/Hermes-kelly-elan-bag_2-300x300.jpg 300w, https:\/\/www.cici-collection.com\/wp-content\/uploads\/2024\/07\/Hermes-kelly-elan-bag_2-150x150.jpg 150w, https:\/\/www.cici-collection.com\/wp-content\/uploads\/2024\/07\/Hermes-kelly-elan-bag_2-768x768.jpg 768w, https:\/\/www.cici-collection.com\/wp-content\/uploads\/2024\/07\/Hermes-kelly-elan-bag_2-600x600.jpg 600w\" sizes=\"(max-width: 810px) 100vw, 810px\" \/><\/p>\n<p><img loading=\"lazy\" decoding=\"async\" class=\"alignnone size-full wp-image-2913 aligncenter\" src=\"http:\/\/www.cici-collection.com\/wp-content\/uploads\/2024\/07\/Hermes-kelly-elan-bag_1.jpg\" alt=\"\" width=\"810\" height=\"810\" srcset=\"https:\/\/www.cici-collection.com\/wp-content\/uploads\/2024\/07\/Hermes-kelly-elan-bag_1.jpg 810w, https:\/\/www.cici-collection.com\/wp-content\/uploads\/2024\/07\/Hermes-kelly-elan-bag_1-300x300.jpg 300w, https:\/\/www.cici-collection.com\/wp-content\/uploads\/2024\/07\/Hermes-kelly-elan-bag_1-150x150.jpg 150w, https:\/\/www.cici-collection.com\/wp-content\/uploads\/2024\/07\/Hermes-kelly-elan-bag_1-768x768.jpg 768w, https:\/\/www.cici-collection.com\/wp-content\/uploads\/2024\/07\/Hermes-kelly-elan-bag_1-600x600.jpg 600w\" sizes=\"(max-width: 810px) 100vw, 810px\" \/><\/p>\n","protected":false},"excerpt":{"rendered":"<p>When Robert Dumas, son-in-law of \u00c9mile Herm\u00e8s, creates the ladies&#8217; bag with straps in the 1930s, Herm\u00e8s enters the era of boldness and modernism. Yet, its destiny does not end there. To make it a legend, a photograph is all it takes \u2013 one of Grace Kelly holding the bag over her stomach to conceal the signs of her pregnancy. The Kelly is born.<\/p>\n<p>Size\uff1a27cm X 14cm<\/p>\n","protected":false},"featured_media":2923,"comment_status":"open","ping_status":"closed","template":"","meta":[],"product_cat":[59,56],"product_tag":[],"class_list":{"0":"post-2912","1":"product","2":"type-product","3":"status-publish","4":"has-post-thumbnail","6":"product_cat-classic-style","7":"product_cat-hermes","9":"first","10":"instock","11":"sale","12":"shipping-taxable","13":"purchasable","14":"product-type-simple"},"_links":{"self":[{"href":"https:\/\/www.cici-collection.com\/index.php\/wp-json\/wp\/v2\/product\/2912","targetHints":{"allow":["GET"]}}],"collection":[{"href":"https:\/\/www.cici-collection.com\/index.php\/wp-json\/wp\/v2\/product"}],"about":[{"href":"https:\/\/www.cici-collection.com\/index.php\/wp-json\/wp\/v2\/types\/product"}],"replies":[{"embeddable":true,"href":"https:\/\/www.cici-collection.com\/index.php\/wp-json\/wp\/v2\/comments?post=2912"}],"version-history":[{"count":1,"href":"https:\/\/www.cici-collection.com\/index.php\/wp-json\/wp\/v2\/product\/2912\/revisions"}],"predecessor-version":[{"id":2924,"href":"https:\/\/www.cici-collection.com\/index.php\/wp-json\/wp\/v2\/product\/2912\/revisions\/2924"}],"wp:featuredmedia":[{"embeddable":true,"href":"https:\/\/www.cici-collection.com\/index.php\/wp-json\/wp\/v2\/media\/2923"}],"wp:attachment":[{"href":"https:\/\/www.cici-collection.com\/index.php\/wp-json\/wp\/v2\/media?parent=2912"}],"wp:term":[{"taxonomy":"product_cat","embeddable":true,"href":"https:\/\/www.cici-collection.com\/index.php\/wp-json\/wp\/v2\/product_cat?post=2912"},{"taxonomy":"product_tag","embeddable":true,"href":"https:\/\/www.cici-collection.com\/index.php\/wp-json\/wp\/v2\/product_tag?post=2912"}],"curies":[{"name":"wp","href":"https:\/\/api.w.org\/{rel}","templated":true}]}}