{"id":2797,"date":"2024-07-13T03:13:33","date_gmt":"2024-07-13T10:13:33","guid":{"rendered":"https:\/\/www.cici-collection.com\/?post_type=product&#038;p=2797"},"modified":"2024-07-13T03:13:48","modified_gmt":"2024-07-13T10:13:48","slug":"hermes-birkin-bag-2","status":"publish","type":"product","link":"https:\/\/www.cici-collection.com\/index.php\/product\/hermes-birkin-bag-2\/","title":{"rendered":"HERMES BIRKIN BAG"},"content":{"rendered":"<p>The Birkin tells an epic story with flair: a design by the creative duo Octave Marsal and Th\u00e9o de Gueltzl, embroidered in Lun\u00e9ville stitch, plunges the emblematic Faubourg Saint-Honor\u00e9 store into the heart of a luxuriant jungle. In an ultimate display of prowess, the design extends over the leather of the flap and the base of the bag.<\/p>\n<p>Size\uff1a25cm X 21cm<\/p>\n<p><img fetchpriority=\"high\" decoding=\"async\" class=\"alignnone size-full wp-image-2798 aligncenter\" src=\"http:\/\/www.cici-collection.com\/wp-content\/uploads\/2024\/07\/HERMES-BIRKIN-BAG_1-1.jpg\" alt=\"\" width=\"1000\" height=\"1000\" srcset=\"https:\/\/www.cici-collection.com\/wp-content\/uploads\/2024\/07\/HERMES-BIRKIN-BAG_1-1.jpg 1000w, https:\/\/www.cici-collection.com\/wp-content\/uploads\/2024\/07\/HERMES-BIRKIN-BAG_1-1-300x300.jpg 300w, https:\/\/www.cici-collection.com\/wp-content\/uploads\/2024\/07\/HERMES-BIRKIN-BAG_1-1-150x150.jpg 150w, https:\/\/www.cici-collection.com\/wp-content\/uploads\/2024\/07\/HERMES-BIRKIN-BAG_1-1-768x768.jpg 768w, https:\/\/www.cici-collection.com\/wp-content\/uploads\/2024\/07\/HERMES-BIRKIN-BAG_1-1-600x600.jpg 600w\" sizes=\"(max-width: 1000px) 100vw, 1000px\" \/><\/p>\n<p><img decoding=\"async\" class=\"alignnone size-full wp-image-2799 aligncenter\" src=\"http:\/\/www.cici-collection.com\/wp-content\/uploads\/2024\/07\/HERMES-BIRKIN-BAG_2-1.jpg\" alt=\"\" width=\"1000\" height=\"1000\" srcset=\"https:\/\/www.cici-collection.com\/wp-content\/uploads\/2024\/07\/HERMES-BIRKIN-BAG_2-1.jpg 1000w, https:\/\/www.cici-collection.com\/wp-content\/uploads\/2024\/07\/HERMES-BIRKIN-BAG_2-1-300x300.jpg 300w, https:\/\/www.cici-collection.com\/wp-content\/uploads\/2024\/07\/HERMES-BIRKIN-BAG_2-1-150x150.jpg 150w, https:\/\/www.cici-collection.com\/wp-content\/uploads\/2024\/07\/HERMES-BIRKIN-BAG_2-1-768x768.jpg 768w, https:\/\/www.cici-collection.com\/wp-content\/uploads\/2024\/07\/HERMES-BIRKIN-BAG_2-1-600x600.jpg 600w\" sizes=\"(max-width: 1000px) 100vw, 1000px\" \/><\/p>\n<p><img decoding=\"async\" class=\"alignnone size-full wp-image-2800 aligncenter\" src=\"http:\/\/www.cici-collection.com\/wp-content\/uploads\/2024\/07\/HERMES-BIRKIN-BAG_3-1.jpg\" alt=\"\" width=\"1000\" height=\"1000\" srcset=\"https:\/\/www.cici-collection.com\/wp-content\/uploads\/2024\/07\/HERMES-BIRKIN-BAG_3-1.jpg 1000w, https:\/\/www.cici-collection.com\/wp-content\/uploads\/2024\/07\/HERMES-BIRKIN-BAG_3-1-300x300.jpg 300w, https:\/\/www.cici-collection.com\/wp-content\/uploads\/2024\/07\/HERMES-BIRKIN-BAG_3-1-150x150.jpg 150w, https:\/\/www.cici-collection.com\/wp-content\/uploads\/2024\/07\/HERMES-BIRKIN-BAG_3-1-768x768.jpg 768w, https:\/\/www.cici-collection.com\/wp-content\/uploads\/2024\/07\/HERMES-BIRKIN-BAG_3-1-600x600.jpg 600w\" sizes=\"(max-width: 1000px) 100vw, 1000px\" \/><\/p>\n<p><img loading=\"lazy\" decoding=\"async\" class=\"alignnone size-full wp-image-2801 aligncenter\" src=\"http:\/\/www.cici-collection.com\/wp-content\/uploads\/2024\/07\/HERMES-BIRKIN-BAG_4-1.jpg\" alt=\"\" width=\"1000\" height=\"1000\" srcset=\"https:\/\/www.cici-collection.com\/wp-content\/uploads\/2024\/07\/HERMES-BIRKIN-BAG_4-1.jpg 1000w, https:\/\/www.cici-collection.com\/wp-content\/uploads\/2024\/07\/HERMES-BIRKIN-BAG_4-1-300x300.jpg 300w, https:\/\/www.cici-collection.com\/wp-content\/uploads\/2024\/07\/HERMES-BIRKIN-BAG_4-1-150x150.jpg 150w, https:\/\/www.cici-collection.com\/wp-content\/uploads\/2024\/07\/HERMES-BIRKIN-BAG_4-1-768x768.jpg 768w, https:\/\/www.cici-collection.com\/wp-content\/uploads\/2024\/07\/HERMES-BIRKIN-BAG_4-1-600x600.jpg 600w\" sizes=\"(max-width: 1000px) 100vw, 1000px\" \/><\/p>\n<p><img loading=\"lazy\" decoding=\"async\" class=\"alignnone size-full wp-image-2802 aligncenter\" src=\"http:\/\/www.cici-collection.com\/wp-content\/uploads\/2024\/07\/HERMES-BIRKIN-BAG_5-1.jpg\" alt=\"\" width=\"1000\" height=\"1000\" srcset=\"https:\/\/www.cici-collection.com\/wp-content\/uploads\/2024\/07\/HERMES-BIRKIN-BAG_5-1.jpg 1000w, https:\/\/www.cici-collection.com\/wp-content\/uploads\/2024\/07\/HERMES-BIRKIN-BAG_5-1-300x300.jpg 300w, https:\/\/www.cici-collection.com\/wp-content\/uploads\/2024\/07\/HERMES-BIRKIN-BAG_5-1-150x150.jpg 150w, https:\/\/www.cici-collection.com\/wp-content\/uploads\/2024\/07\/HERMES-BIRKIN-BAG_5-1-768x768.jpg 768w, https:\/\/www.cici-collection.com\/wp-content\/uploads\/2024\/07\/HERMES-BIRKIN-BAG_5-1-600x600.jpg 600w\" sizes=\"(max-width: 1000px) 100vw, 1000px\" \/><\/p>\n<p><img loading=\"lazy\" decoding=\"async\" class=\"alignnone size-full wp-image-2803 aligncenter\" src=\"http:\/\/www.cici-collection.com\/wp-content\/uploads\/2024\/07\/HERMES-BIRKIN-BAG_6-1.jpg\" alt=\"\" width=\"1000\" height=\"1000\" srcset=\"https:\/\/www.cici-collection.com\/wp-content\/uploads\/2024\/07\/HERMES-BIRKIN-BAG_6-1.jpg 1000w, https:\/\/www.cici-collection.com\/wp-content\/uploads\/2024\/07\/HERMES-BIRKIN-BAG_6-1-300x300.jpg 300w, https:\/\/www.cici-collection.com\/wp-content\/uploads\/2024\/07\/HERMES-BIRKIN-BAG_6-1-150x150.jpg 150w, https:\/\/www.cici-collection.com\/wp-content\/uploads\/2024\/07\/HERMES-BIRKIN-BAG_6-1-768x768.jpg 768w, https:\/\/www.cici-collection.com\/wp-content\/uploads\/2024\/07\/HERMES-BIRKIN-BAG_6-1-600x600.jpg 600w\" sizes=\"(max-width: 1000px) 100vw, 1000px\" \/><\/p>\n<p><img loading=\"lazy\" decoding=\"async\" class=\"alignnone size-full wp-image-2804 aligncenter\" src=\"http:\/\/www.cici-collection.com\/wp-content\/uploads\/2024\/07\/HERMES-BIRKIN-BAG_7-1.jpg\" alt=\"\" width=\"1000\" height=\"1000\" srcset=\"https:\/\/www.cici-collection.com\/wp-content\/uploads\/2024\/07\/HERMES-BIRKIN-BAG_7-1.jpg 1000w, https:\/\/www.cici-collection.com\/wp-content\/uploads\/2024\/07\/HERMES-BIRKIN-BAG_7-1-300x300.jpg 300w, https:\/\/www.cici-collection.com\/wp-content\/uploads\/2024\/07\/HERMES-BIRKIN-BAG_7-1-150x150.jpg 150w, https:\/\/www.cici-collection.com\/wp-content\/uploads\/2024\/07\/HERMES-BIRKIN-BAG_7-1-768x768.jpg 768w, https:\/\/www.cici-collection.com\/wp-content\/uploads\/2024\/07\/HERMES-BIRKIN-BAG_7-1-600x600.jpg 600w\" sizes=\"(max-width: 1000px) 100vw, 1000px\" \/><\/p>\n<p>&nbsp;<\/p>\n","protected":false},"excerpt":{"rendered":"<p>The Birkin tells an epic story with flair: a design by the creative duo Octave Marsal and Th\u00e9o de Gueltzl, embroidered in Lun\u00e9ville stitch, plunges the emblematic Faubourg Saint-Honor\u00e9 store into the heart of a luxuriant jungle. In an ultimate display of prowess, the design extends over the leather of the flap and the base of the bag.<\/p>\n<p>Size\uff1a25cm X 21cm<\/p>\n","protected":false},"featured_media":2808,"comment_status":"open","ping_status":"closed","template":"","meta":[],"product_cat":[56],"product_tag":[],"class_list":{"0":"post-2797","1":"product","2":"type-product","3":"status-publish","4":"has-post-thumbnail","6":"product_cat-hermes","8":"first","9":"instock","10":"sale","11":"shipping-taxable","12":"purchasable","13":"product-type-simple"},"_links":{"self":[{"href":"https:\/\/www.cici-collection.com\/index.php\/wp-json\/wp\/v2\/product\/2797","targetHints":{"allow":["GET"]}}],"collection":[{"href":"https:\/\/www.cici-collection.com\/index.php\/wp-json\/wp\/v2\/product"}],"about":[{"href":"https:\/\/www.cici-collection.com\/index.php\/wp-json\/wp\/v2\/types\/product"}],"replies":[{"embeddable":true,"href":"https:\/\/www.cici-collection.com\/index.php\/wp-json\/wp\/v2\/comments?post=2797"}],"version-history":[{"count":1,"href":"https:\/\/www.cici-collection.com\/index.php\/wp-json\/wp\/v2\/product\/2797\/revisions"}],"predecessor-version":[{"id":2809,"href":"https:\/\/www.cici-collection.com\/index.php\/wp-json\/wp\/v2\/product\/2797\/revisions\/2809"}],"wp:featuredmedia":[{"embeddable":true,"href":"https:\/\/www.cici-collection.com\/index.php\/wp-json\/wp\/v2\/media\/2808"}],"wp:attachment":[{"href":"https:\/\/www.cici-collection.com\/index.php\/wp-json\/wp\/v2\/media?parent=2797"}],"wp:term":[{"taxonomy":"product_cat","embeddable":true,"href":"https:\/\/www.cici-collection.com\/index.php\/wp-json\/wp\/v2\/product_cat?post=2797"},{"taxonomy":"product_tag","embeddable":true,"href":"https:\/\/www.cici-collection.com\/index.php\/wp-json\/wp\/v2\/product_tag?post=2797"}],"curies":[{"name":"wp","href":"https:\/\/api.w.org\/{rel}","templated":true}]}}